{"id":131054,"date":"2025-03-05T14:05:21","date_gmt":"2025-03-05T13:05:21","guid":{"rendered":"https:\/\/www.55-ideas.com\/?page_id=131054"},"modified":"2025-04-15T14:07:12","modified_gmt":"2025-04-15T12:07:12","slug":"artists","status":"publish","type":"page","link":"https:\/\/www.55-ideas.com\/es\/artists\/","title":{"rendered":"Artistas"},"content":{"rendered":"<div class=\"wpb-content-wrapper\"><div data-parent=\"true\" class=\"vc_row style-55-cream-bg row-container\" id=\"row-unique-0\"><div class=\"row col-half-gutter single-top-padding quad-bottom-padding single-h-padding limit-width row-parent\"><div class=\"wpb_row row-inner\"><div class=\"wpb_column pos-top pos-center align_left column_parent col-lg-12 half-internal-gutter\"><div class=\"uncol style-light\"  ><div class=\"uncoltable\"><div class=\"uncell no-block-padding\" ><div class=\"uncont\" ><div class=\"vc_custom_heading_wrap\"><div class=\"heading-text el-text\" ><h2 class=\"fontsize-65 text-55-orange-color\" ><span>ARTISTS<\/span><\/h2><\/div><div class=\"clear\"><\/div><\/div><div id=\"index-152983000\" class=\"isotope-system isotope-general-light grid-general-light\" >\n\t\t\t\t\t\t\t\t\t\t\t\t<div class=\"isotope-filters grid-filters menu-container has-cat-filters menu-animated single-gutter mobile-hidden tablet-hidden submenu-light  text-uppercase menu-light\">\n\t\t\t\t\t\t\t\t\t\t\t\t<div class=\"menu-horizontal menu-sub-enhanced text-left text-mobile-center filter-alignment-left\">\n\t\t\t\t\t\t\t\t\t\t\t\t\t\t\t\t\t\t\t\t\t\t\t<ul class=\"menu-smart sm text-uppercase menu-smart--filter-cats\" role=\"menu\">\n\t\t\t\t\t\t\t\t\t\t\t\t\t\t\t\t\t\t\t\t\t\t\t\t\t\t\t<li role=\"menuitem\" class=\"filter-show-all\">\n\t\t\t\t\t\t\t\t\t\t<span>\n\t\t\t\t\t\t\t\t\t\t\t\t\t\t\t\t\t\t\t\t\t\t\t<a href=\"#\" role=\"button\" data-filter=\"*\" class=\"active isotope-nav-link grid-nav-link\">\n\t\t\t\t\t\t\t\t\t\t\tShow all<\/a>\n\t\t\t\t\t\t\t\t\t\t<\/span>\n\t\t\t\t\t\t\t\t\t<\/li>\n\t\t\t\t\t\t\t\t\t\t\t\t\t\t\t\t\t\t\t\t\t\t\t\t\t\t\t\t\t\t\t\t<li role=\"menuitem\" class=\"filter-cat-98 filter-cat\"><span><a role=\"button\" href=\"#\" data-filter=\"grid-cat-98\" class=\"isotope-nav-link grid-nav-link\">Cer\u00e1mica<\/a><\/span><\/li>\t\t\t\t\t\t\t\t\t\t\t\t\t\t\t\t\t\t\t\t\t\t\t\t\t\t\t\t\t\t\t\t\t\t\t\t\t\t\t\t\t\t\t\t<li role=\"menuitem\" class=\"filter-cat-99 filter-cat\"><span><a role=\"button\" href=\"#\" data-filter=\"grid-cat-99\" class=\"isotope-nav-link grid-nav-link\">Leather<\/a><\/span><\/li>\t\t\t\t\t\t\t\t\t\t\t\t\t\t\t\t\t\t\t\t\t\t\t\t\t\t\t\t\t<\/ul>\n\t\t\t\t\t\t\t\n\t\t\t\t\t\t\t\n\t\t\t\t\t\t\t\n\t\t\t\t\t\t\t\t\n\t\t\t\t\t\t\t\t\n\t\t\t\t\t\t\t\t\t\t\t\t\t<\/div>\n\t\t\t\t\t\t\t\t\t\t\t<\/div>\n\n\t\t\t\t\t\t\t\t\t\t\n\t\t\t\t\t\t\t\t\t\t\t\t\t\t<div class=\"isotope-wrapper grid-wrapper single-gutter\" >\t\t\t\t\t\t\t\t\t\t\t\t<div class=\"isotope-container grid-container isotope-layout style-masonry isotope-pagination grid-pagination\" data-type=\"masonry\" data-layout=\"fitRows\" data-lg=\"1000\" data-md=\"600\" data-sm=\"480\" data-vp-height=\"\">\t\t\t<div class=\"tmb atc-typography-inherit tmb-iso-w4 tmb-iso-h4 tmb-round img-round-std tmb-light tmb-text-showed tmb-overlay-anim tmb-content-left tmb-image-anim  grid-cat-98 tmb-id-154409 tmb-img-ratio tmb-content-under tmb-media-first\" ><div class=\"t-inside style-color-xsdn-bg no-anim\" ><div class=\"t-entry-visual\"><div class=\"t-entry-visual-tc\"><div class=\"t-entry-visual-cont\"><div class=\"dummy\" style=\"padding-top: 100%;\"><\/div><a role=\"button\" tabindex=\"-1\" href=\"https:\/\/www.55-ideas.com\/es\/estudio-vernis-unique-wood-fired-ceramics-from-spain\/\" class=\"pushed\" target=\"_self\" data-lb-index=\"0\"><div class=\"t-entry-visual-overlay\"><div class=\"t-entry-visual-overlay-in style-color-wayh-bg\" style=\"opacity: 0.5;\"><\/div><\/div><img decoding=\"async\" class=\"wp-image-154422\" src=\"https:\/\/www.55-ideas.com\/wp-content\/uploads\/ve2.jpg\" width=\"800\" height=\"800\" alt=\"\" srcset=\"https:\/\/www.55-ideas.com\/wp-content\/uploads\/ve2.jpg 800w, https:\/\/www.55-ideas.com\/wp-content\/uploads\/ve2-300x300.jpg 300w, https:\/\/www.55-ideas.com\/wp-content\/uploads\/ve2-150x150.jpg 150w, https:\/\/www.55-ideas.com\/wp-content\/uploads\/ve2-768x768.jpg 768w, https:\/\/www.55-ideas.com\/wp-content\/uploads\/ve2-12x12.jpg 12w, https:\/\/www.55-ideas.com\/wp-content\/uploads\/ve2-350x350.jpg 350w, https:\/\/www.55-ideas.com\/wp-content\/uploads\/ve2-348x348.jpg 348w, https:\/\/www.55-ideas.com\/wp-content\/uploads\/ve2-uai-720x720.jpg 720w\" sizes=\"(max-width: 800px) 100vw, 800px\" \/><\/a><\/div>\n\t\t\t\t\t<\/div>\n\t\t\t\t<\/div><div class=\"t-entry-text\">\n\t\t\t\t\t\t\t\t\t<div class=\"t-entry-text-tc single-block-padding\"><div class=\"t-entry\"><h3 class=\"t-entry-title h5 title-scale\"><a href=\"https:\/\/www.55-ideas.com\/es\/estudio-vernis-unique-wood-fired-ceramics-from-spain\/\" target=\"_self\">Estudio Vern\u00eds. Unique wood-fired ceramics from Castell de Castells, Alicante<\/a><\/h3><\/div><\/div>\n\t\t\t\t\t\t\t<\/div><\/div><\/div><div class=\"tmb atc-typography-inherit tmb-iso-w4 tmb-iso-h4 tmb-round img-round-std tmb-light tmb-text-showed tmb-overlay-anim tmb-content-left tmb-image-anim  grid-cat-99 tmb-id-131 tmb-img-ratio tmb-content-under tmb-media-first\" ><div class=\"t-inside style-color-xsdn-bg no-anim\" ><div class=\"t-entry-visual\"><div class=\"t-entry-visual-tc\"><div class=\"t-entry-visual-cont\"><div class=\"dummy\" style=\"padding-top: 100%;\"><\/div><a role=\"button\" tabindex=\"-1\" href=\"https:\/\/www.55-ideas.com\/es\/la-portegna-leather-handcrafted-in-spain\/\" class=\"pushed\" target=\"_self\" data-lb-index=\"1\"><div class=\"t-entry-visual-overlay\"><div class=\"t-entry-visual-overlay-in style-color-wayh-bg\" style=\"opacity: 0.5;\"><\/div><\/div><img decoding=\"async\" class=\"wp-image-154243\" src=\"https:\/\/www.55-ideas.com\/wp-content\/uploads\/lp3.jpg\" width=\"800\" height=\"800\" alt=\"\" srcset=\"https:\/\/www.55-ideas.com\/wp-content\/uploads\/lp3.jpg 800w, https:\/\/www.55-ideas.com\/wp-content\/uploads\/lp3-300x300.jpg 300w, https:\/\/www.55-ideas.com\/wp-content\/uploads\/lp3-150x150.jpg 150w, https:\/\/www.55-ideas.com\/wp-content\/uploads\/lp3-768x768.jpg 768w, https:\/\/www.55-ideas.com\/wp-content\/uploads\/lp3-12x12.jpg 12w, https:\/\/www.55-ideas.com\/wp-content\/uploads\/lp3-350x350.jpg 350w, https:\/\/www.55-ideas.com\/wp-content\/uploads\/lp3-348x348.jpg 348w, https:\/\/www.55-ideas.com\/wp-content\/uploads\/lp3-uai-720x720.jpg 720w\" sizes=\"(max-width: 800px) 100vw, 800px\" \/><\/a><\/div>\n\t\t\t\t\t<\/div>\n\t\t\t\t<\/div><div class=\"t-entry-text\">\n\t\t\t\t\t\t\t\t\t<div class=\"t-entry-text-tc single-block-padding\"><div class=\"t-entry\"><h3 class=\"t-entry-title h5 title-scale\"><a href=\"https:\/\/www.55-ideas.com\/es\/la-portegna-leather-handcrafted-in-spain\/\" target=\"_self\">La Portegna. Leather handcrafted in Ubrique, Andalusia<\/a><\/h3><\/div><\/div>\n\t\t\t\t\t\t\t<\/div><\/div><\/div>\t\t<\/div>\t\n\t\n\n\t<\/div>\t\t\t\t<\/div>\n<\/div><\/div><\/div><\/div><\/div><script id=\"script-row-unique-0\" data-row=\"script-row-unique-0\" type=\"text\/javascript\" class=\"vc_controls\">UNCODE.initRow(document.getElementById(\"row-unique-0\"));<\/script><\/div><\/div><\/div>\n<\/div>","protected":false},"excerpt":{"rendered":"https:\/\/www.55-ideas.com\/wp-content\/uploads\/lp.mp4 La Portegna.Artesan\u00eda en piel fabricada en Espa\u00f1a La PortegnaEnv\u00edos a todo el mundoTiendasMadrid.Calle N\u00fa\u00f1ez de Balboa 62Palma de Mallorca.Carrer [...]","protected":false},"author":2,"featured_media":0,"parent":0,"menu_order":0,"comment_status":"closed","ping_status":"closed","template":"","meta":{"footnotes":""},"class_list":["post-131054","page","type-page","status-publish","hentry"],"_links":{"self":[{"href":"https:\/\/www.55-ideas.com\/es\/wp-json\/wp\/v2\/pages\/131054","targetHints":{"allow":["GET"]}}],"collection":[{"href":"https:\/\/www.55-ideas.com\/es\/wp-json\/wp\/v2\/pages"}],"about":[{"href":"https:\/\/www.55-ideas.com\/es\/wp-json\/wp\/v2\/types\/page"}],"author":[{"embeddable":true,"href":"https:\/\/www.55-ideas.com\/es\/wp-json\/wp\/v2\/users\/2"}],"replies":[{"embeddable":true,"href":"https:\/\/www.55-ideas.com\/es\/wp-json\/wp\/v2\/comments?post=131054"}],"version-history":[{"count":23,"href":"https:\/\/www.55-ideas.com\/es\/wp-json\/wp\/v2\/pages\/131054\/revisions"}],"predecessor-version":[{"id":154406,"href":"https:\/\/www.55-ideas.com\/es\/wp-json\/wp\/v2\/pages\/131054\/revisions\/154406"}],"wp:attachment":[{"href":"https:\/\/www.55-ideas.com\/es\/wp-json\/wp\/v2\/media?parent=131054"}],"curies":[{"name":"wp","href":"https:\/\/api.w.org\/{rel}","templated":true}]}}