{"id":131056,"date":"2025-03-05T14:05:30","date_gmt":"2025-03-05T13:05:30","guid":{"rendered":"https:\/\/www.55-ideas.com\/?page_id=131056"},"modified":"2025-04-15T14:20:15","modified_gmt":"2025-04-15T12:20:15","slug":"designs","status":"publish","type":"page","link":"https:\/\/www.55-ideas.com\/es\/designs\/","title":{"rendered":"Dise\u00f1os"},"content":{"rendered":"<div class=\"wpb-content-wrapper\"><div data-parent=\"true\" class=\"vc_row style-55-pale-orange-bg row-container\" id=\"row-unique-0\"><div class=\"row col-half-gutter single-top-padding quad-bottom-padding single-h-padding limit-width row-parent\"><div class=\"wpb_row row-inner\"><div class=\"wpb_column pos-top pos-center align_left column_parent col-lg-12 half-internal-gutter\"><div class=\"uncol style-light\"  ><div class=\"uncoltable\"><div class=\"uncell no-block-padding\" ><div class=\"uncont\" ><div class=\"vc_custom_heading_wrap\"><div class=\"heading-text el-text\" ><h2 class=\"fontsize-65 text-55-orange-color\" ><span>DESIGNS<\/span><\/h2><\/div><div class=\"clear\"><\/div><\/div><div class=\"vc_wp_tagcloud wpb_content_element widget-no-tablet-collapse widget-collaps-icon\"  data-id=\"1\"><aside class=\"widget widget-style widget_tag_cloud widget-container collapse-init sidebar-widgets\"><div class=\"tagcloud\"><a href=\"https:\/\/www.55-ideas.com\/es\/tag\/accesories\/\" class=\"tag-cloud-link tag-link-133 tag-link-position-1\" style=\"font-size: 8pt;\" aria-label=\"Accesories (1 elemento)\">Accesories<\/a>\n<a href=\"https:\/\/www.55-ideas.com\/es\/tag\/alicante\/\" class=\"tag-cloud-link tag-link-136 tag-link-position-2\" style=\"font-size: 8pt;\" aria-label=\"Alicante (1 elemento)\">Alicante<\/a>\n<a href=\"https:\/\/www.55-ideas.com\/es\/tag\/bags\/\" class=\"tag-cloud-link tag-link-134 tag-link-position-3\" style=\"font-size: 8pt;\" aria-label=\"Bags (1 elemento)\">Bags<\/a>\n<a href=\"https:\/\/www.55-ideas.com\/es\/tag\/barcelona\/\" class=\"tag-cloud-link tag-link-141 tag-link-position-4\" style=\"font-size: 22pt;\" aria-label=\"Barcelona (2 elementos)\">Barcelona<\/a>\n<a href=\"https:\/\/www.55-ideas.com\/es\/tag\/homeware\/\" class=\"tag-cloud-link tag-link-139 tag-link-position-5\" style=\"font-size: 8pt;\" aria-label=\"Homeware (1 elemento)\">Homeware<\/a>\n<a href=\"https:\/\/www.55-ideas.com\/es\/tag\/lighting\/\" class=\"tag-cloud-link tag-link-140 tag-link-position-6\" style=\"font-size: 8pt;\" aria-label=\"Lighting (1 elemento)\">Lighting<\/a>\n<a href=\"https:\/\/www.55-ideas.com\/es\/tag\/madrid\/\" class=\"tag-cloud-link tag-link-130 tag-link-position-7\" style=\"font-size: 8pt;\" aria-label=\"Madrid (1 elemento)\">Madrid<\/a>\n<a href=\"https:\/\/www.55-ideas.com\/es\/tag\/shoes\/\" class=\"tag-cloud-link tag-link-135 tag-link-position-8\" style=\"font-size: 8pt;\" aria-label=\"Shoes (1 elemento)\">Shoes<\/a><\/div>\n<\/aside><\/div><div id=\"index-152983000\" class=\"isotope-system isotope-general-light grid-general-light\" >\n\t\t\t\n\t\t\t\t\t\t\t\t\t\t\t\t\t\t<div class=\"isotope-wrapper grid-wrapper single-gutter\" >\t\t\t\t\t\t\t\t\t\t\t\t<div class=\"isotope-container grid-container isotope-layout style-masonry isotope-pagination grid-pagination\" data-type=\"masonry\" data-layout=\"fitRows\" data-lg=\"1000\" data-md=\"600\" data-sm=\"480\" data-vp-height=\"\">\t\t\t<div class=\"tmb atc-typography-inherit tmb-iso-w4 tmb-iso-h4 tmb-round img-round-std tmb-light tmb-text-showed tmb-overlay-anim tmb-content-left tmb-image-anim  grid-cat-98 tmb-id-154409 tmb-img-ratio tmb-content-under tmb-media-first\" ><div class=\"t-inside style-color-xsdn-bg no-anim\" ><div class=\"t-entry-visual\"><div class=\"t-entry-visual-tc\"><div class=\"t-entry-visual-cont\"><div class=\"dummy\" style=\"padding-top: 100%;\"><\/div><a role=\"button\" tabindex=\"-1\" href=\"https:\/\/www.55-ideas.com\/es\/estudio-vernis-unique-wood-fired-ceramics-from-spain\/\" class=\"pushed\" target=\"_self\" data-lb-index=\"0\"><div class=\"t-entry-visual-overlay\"><div class=\"t-entry-visual-overlay-in style-color-wayh-bg\" style=\"opacity: 0.5;\"><\/div><\/div><img decoding=\"async\" class=\"wp-image-154422\" src=\"https:\/\/www.55-ideas.com\/wp-content\/uploads\/ve2.jpg\" width=\"800\" height=\"800\" alt=\"\" srcset=\"https:\/\/www.55-ideas.com\/wp-content\/uploads\/ve2.jpg 800w, https:\/\/www.55-ideas.com\/wp-content\/uploads\/ve2-300x300.jpg 300w, https:\/\/www.55-ideas.com\/wp-content\/uploads\/ve2-150x150.jpg 150w, https:\/\/www.55-ideas.com\/wp-content\/uploads\/ve2-768x768.jpg 768w, https:\/\/www.55-ideas.com\/wp-content\/uploads\/ve2-12x12.jpg 12w, https:\/\/www.55-ideas.com\/wp-content\/uploads\/ve2-350x350.jpg 350w, https:\/\/www.55-ideas.com\/wp-content\/uploads\/ve2-348x348.jpg 348w, https:\/\/www.55-ideas.com\/wp-content\/uploads\/ve2-uai-720x720.jpg 720w\" sizes=\"(max-width: 800px) 100vw, 800px\" \/><\/a><\/div>\n\t\t\t\t\t<\/div>\n\t\t\t\t<\/div><div class=\"t-entry-text\">\n\t\t\t\t\t\t\t\t\t<div class=\"t-entry-text-tc single-block-padding\"><div class=\"t-entry\"><h3 class=\"t-entry-title h5 title-scale\"><a href=\"https:\/\/www.55-ideas.com\/es\/estudio-vernis-unique-wood-fired-ceramics-from-spain\/\" target=\"_self\">Estudio Vern\u00eds. Unique wood-fired ceramics from Castell de Castells, Alicante<\/a><\/h3><\/div><\/div>\n\t\t\t\t\t\t\t<\/div><\/div><\/div><div class=\"tmb atc-typography-inherit tmb-iso-w4 tmb-iso-h4 tmb-round img-round-std tmb-light tmb-text-showed tmb-overlay-anim tmb-content-left tmb-image-anim  grid-cat-99 tmb-id-131 tmb-img-ratio tmb-content-under tmb-media-first\" ><div class=\"t-inside style-color-xsdn-bg no-anim\" ><div class=\"t-entry-visual\"><div class=\"t-entry-visual-tc\"><div class=\"t-entry-visual-cont\"><div class=\"dummy\" style=\"padding-top: 100%;\"><\/div><a role=\"button\" tabindex=\"-1\" href=\"https:\/\/www.55-ideas.com\/es\/la-portegna-leather-handcrafted-in-spain\/\" class=\"pushed\" target=\"_self\" data-lb-index=\"1\"><div class=\"t-entry-visual-overlay\"><div class=\"t-entry-visual-overlay-in style-color-wayh-bg\" style=\"opacity: 0.5;\"><\/div><\/div><img decoding=\"async\" class=\"wp-image-154243\" src=\"https:\/\/www.55-ideas.com\/wp-content\/uploads\/lp3.jpg\" width=\"800\" height=\"800\" alt=\"\" srcset=\"https:\/\/www.55-ideas.com\/wp-content\/uploads\/lp3.jpg 800w, https:\/\/www.55-ideas.com\/wp-content\/uploads\/lp3-300x300.jpg 300w, https:\/\/www.55-ideas.com\/wp-content\/uploads\/lp3-150x150.jpg 150w, https:\/\/www.55-ideas.com\/wp-content\/uploads\/lp3-768x768.jpg 768w, https:\/\/www.55-ideas.com\/wp-content\/uploads\/lp3-12x12.jpg 12w, https:\/\/www.55-ideas.com\/wp-content\/uploads\/lp3-350x350.jpg 350w, https:\/\/www.55-ideas.com\/wp-content\/uploads\/lp3-348x348.jpg 348w, https:\/\/www.55-ideas.com\/wp-content\/uploads\/lp3-uai-720x720.jpg 720w\" sizes=\"(max-width: 800px) 100vw, 800px\" \/><\/a><\/div>\n\t\t\t\t\t<\/div>\n\t\t\t\t<\/div><div class=\"t-entry-text\">\n\t\t\t\t\t\t\t\t\t<div class=\"t-entry-text-tc single-block-padding\"><div class=\"t-entry\"><h3 class=\"t-entry-title h5 title-scale\"><a href=\"https:\/\/www.55-ideas.com\/es\/la-portegna-leather-handcrafted-in-spain\/\" target=\"_self\">La Portegna. Leather handcrafted in Ubrique, Andalusia<\/a><\/h3><\/div><\/div>\n\t\t\t\t\t\t\t<\/div><\/div><\/div>\t\t<\/div>\t\n\t\n\n\t<\/div>\t\t\t\t<\/div>\n<\/div><\/div><\/div><\/div><\/div><script id=\"script-row-unique-0\" data-row=\"script-row-unique-0\" type=\"text\/javascript\" class=\"vc_controls\">UNCODE.initRow(document.getElementById(\"row-unique-0\"));<\/script><\/div><\/div><\/div>\n<\/div>","protected":false},"excerpt":{"rendered":"https:\/\/www.55-ideas.com\/wp-content\/uploads\/lp.mp4 La Portegna.Artesan\u00eda en piel fabricada en Espa\u00f1a La PortegnaEnv\u00edos a todo el mundoTiendasMadrid.Calle N\u00fa\u00f1ez de Balboa 62Palma de Mallorca.Carrer [...]","protected":false},"author":2,"featured_media":0,"parent":0,"menu_order":0,"comment_status":"closed","ping_status":"closed","template":"","meta":{"footnotes":""},"class_list":["post-131056","page","type-page","status-publish","hentry"],"_links":{"self":[{"href":"https:\/\/www.55-ideas.com\/es\/wp-json\/wp\/v2\/pages\/131056","targetHints":{"allow":["GET"]}}],"collection":[{"href":"https:\/\/www.55-ideas.com\/es\/wp-json\/wp\/v2\/pages"}],"about":[{"href":"https:\/\/www.55-ideas.com\/es\/wp-json\/wp\/v2\/types\/page"}],"author":[{"embeddable":true,"href":"https:\/\/www.55-ideas.com\/es\/wp-json\/wp\/v2\/users\/2"}],"replies":[{"embeddable":true,"href":"https:\/\/www.55-ideas.com\/es\/wp-json\/wp\/v2\/comments?post=131056"}],"version-history":[{"count":8,"href":"https:\/\/www.55-ideas.com\/es\/wp-json\/wp\/v2\/pages\/131056\/revisions"}],"predecessor-version":[{"id":154441,"href":"https:\/\/www.55-ideas.com\/es\/wp-json\/wp\/v2\/pages\/131056\/revisions\/154441"}],"wp:attachment":[{"href":"https:\/\/www.55-ideas.com\/es\/wp-json\/wp\/v2\/media?parent=131056"}],"curies":[{"name":"wp","href":"https:\/\/api.w.org\/{rel}","templated":true}]}}